{"id":687,"date":"2016-07-20T16:59:46","date_gmt":"2016-07-20T16:59:46","guid":{"rendered":"http:\/\/demo.hashthemes.com\/total\/?page_id=11"},"modified":"2024-05-22T13:25:12","modified_gmt":"2024-05-22T13:25:12","slug":"about-us","status":"publish","type":"page","link":"https:\/\/albayrakctninsaat.com.tr\/?page_id=687","title":{"rendered":"KURUMSAL"},"content":{"rendered":"\t\t<div data-elementor-type=\"wp-page\" data-elementor-id=\"687\" class=\"elementor elementor-687\" data-elementor-post-type=\"page\">\n\t\t\t\t\t\t<div class=\"elementor-inner\">\n\t\t\t\t<div class=\"elementor-section-wrap\">\n\t\t\t\t\t\t\t\t\t<section class=\"elementor-section elementor-top-section elementor-element elementor-element-7f1623f elementor-section-content-middle elementor-section-boxed elementor-section-height-default elementor-section-height-default\" data-id=\"7f1623f\" data-element_type=\"section\">\n\t\t\t\t\t\t<div class=\"elementor-container elementor-column-gap-wide\">\n\t\t\t\t\t\t\t<div class=\"elementor-row\">\n\t\t\t\t\t<div class=\"elementor-column elementor-col-50 elementor-top-column elementor-element elementor-element-890e15a\" data-id=\"890e15a\" data-element_type=\"column\">\n\t\t\t<div class=\"elementor-column-wrap elementor-element-populated\">\n\t\t\t\t\t\t\t<div class=\"elementor-widget-wrap\">\n\t\t\t\t\t\t<div class=\"elementor-element elementor-element-6616312 elementor-widget elementor-widget-image\" data-id=\"6616312\" data-element_type=\"widget\" data-widget_type=\"image.default\">\n\t\t\t\t<div class=\"elementor-widget-container\">\n\t\t\t<style>\/*! elementor - v3.15.0 - 20-08-2023 *\/\n.elementor-widget-image{text-align:center}.elementor-widget-image a{display:inline-block}.elementor-widget-image a img[src$=\".svg\"]{width:48px}.elementor-widget-image img{vertical-align:middle;display:inline-block}<\/style>\t\t\t\t\t<div class=\"elementor-image\">\n\t\t\t\t\t\t\t\t\t\t\t\t<img decoding=\"async\" width=\"1579\" height=\"1080\" src=\"https:\/\/albayrakctninsaat.com.tr\/wp-content\/uploads\/2024\/05\/WhatsApp-Image-2024-05-12-at-13.58.45-1.jpeg\" class=\"attachment-full size-full wp-image-1420\" alt=\"\" loading=\"lazy\" srcset=\"https:\/\/albayrakctninsaat.com.tr\/wp-content\/uploads\/2024\/05\/WhatsApp-Image-2024-05-12-at-13.58.45-1.jpeg 1579w, https:\/\/albayrakctninsaat.com.tr\/wp-content\/uploads\/2024\/05\/WhatsApp-Image-2024-05-12-at-13.58.45-1-300x205.jpeg 300w, https:\/\/albayrakctninsaat.com.tr\/wp-content\/uploads\/2024\/05\/WhatsApp-Image-2024-05-12-at-13.58.45-1-1024x700.jpeg 1024w, https:\/\/albayrakctninsaat.com.tr\/wp-content\/uploads\/2024\/05\/WhatsApp-Image-2024-05-12-at-13.58.45-1-768x525.jpeg 768w, https:\/\/albayrakctninsaat.com.tr\/wp-content\/uploads\/2024\/05\/WhatsApp-Image-2024-05-12-at-13.58.45-1-1536x1051.jpeg 1536w\" sizes=\"(max-width: 1579px) 100vw, 1579px\" \/>\t\t\t\t\t\t\t\t\t\t\t\t\t\t<\/div>\n\t\t\t\t\t\t<\/div>\n\t\t\t\t<\/div>\n\t\t\t\t\t\t<\/div>\n\t\t\t\t\t<\/div>\n\t\t<\/div>\n\t\t\t\t<div class=\"elementor-column elementor-col-50 elementor-top-column elementor-element elementor-element-88eacec\" data-id=\"88eacec\" data-element_type=\"column\">\n\t\t\t<div class=\"elementor-column-wrap elementor-element-populated\">\n\t\t\t\t\t\t\t<div class=\"elementor-widget-wrap\">\n\t\t\t\t\t\t<div class=\"elementor-element elementor-element-6fbe281 elementor-widget__width-initial elementor-widget elementor-widget-text-editor\" data-id=\"6fbe281\" data-element_type=\"widget\" data-widget_type=\"text-editor.default\">\n\t\t\t\t<div class=\"elementor-widget-container\">\n\t\t\t<style>\/*! elementor - v3.15.0 - 20-08-2023 *\/\n.elementor-widget-text-editor.elementor-drop-cap-view-stacked .elementor-drop-cap{background-color:#69727d;color:#fff}.elementor-widget-text-editor.elementor-drop-cap-view-framed .elementor-drop-cap{color:#69727d;border:3px solid;background-color:transparent}.elementor-widget-text-editor:not(.elementor-drop-cap-view-default) .elementor-drop-cap{margin-top:8px}.elementor-widget-text-editor:not(.elementor-drop-cap-view-default) .elementor-drop-cap-letter{width:1em;height:1em}.elementor-widget-text-editor .elementor-drop-cap{float:left;text-align:center;line-height:1;font-size:50px}.elementor-widget-text-editor .elementor-drop-cap-letter{display:inline-block}<\/style>\t\t\t\t\t<div class=\"elementor-text-editor elementor-clearfix\">\n\t\t\t\t<p><strong>ALBAYRAK CTN \u0130N\u015eAAT \u00e7at\u0131s\u0131 alt\u0131nda birle\u015fen teknik kadromuz, A kalite projelere imza atarak her ge\u00e7en g\u00fcn kendisini daha da b\u00fcy\u00fctt\u00fc. Faaliyetlerine 2015 y\u0131l\u0131nda&nbsp;<\/strong><strong>ALBAYRAK CTN \u0130N\u015eAAT<\/strong><strong>&nbsp;markas\u0131 ile ba\u015flayan Yap\u0131; 8 y\u0131l sonra yani g\u00fcn\u00fcm\u00fczde&nbsp; daha b\u00fcy\u00fck projelere ad\u0131m atarak herg\u00fcn g\u00fcc\u00fcne g\u00fc\u00e7 katmaktad\u0131r.<\/strong><\/p>\t\t\t\t\t<\/div>\n\t\t\t\t\t\t<\/div>\n\t\t\t\t<\/div>\n\t\t\t\t\t\t<\/div>\n\t\t\t\t\t<\/div>\n\t\t<\/div>\n\t\t\t\t\t\t\t\t<\/div>\n\t\t\t\t\t<\/div>\n\t\t<\/section>\n\t\t\t\t<section class=\"elementor-section elementor-top-section elementor-element elementor-element-6d678ff elementor-section-content-middle elementor-section-stretched elementor-section-boxed elementor-section-height-default elementor-section-height-default\" data-id=\"6d678ff\" data-element_type=\"section\" data-settings=\"{&quot;stretch_section&quot;:&quot;section-stretched&quot;,&quot;background_background&quot;:&quot;classic&quot;}\">\n\t\t\t\t\t\t<div class=\"elementor-container elementor-column-gap-extended\">\n\t\t\t\t\t\t\t<div class=\"elementor-row\">\n\t\t\t\t\t<div class=\"elementor-column elementor-col-50 elementor-top-column elementor-element elementor-element-1a3380c\" data-id=\"1a3380c\" data-element_type=\"column\">\n\t\t\t<div class=\"elementor-column-wrap elementor-element-populated\">\n\t\t\t\t\t\t\t<div class=\"elementor-widget-wrap\">\n\t\t\t\t\t\t<div class=\"elementor-element elementor-element-1eb87ed elementor-widget elementor-widget-heading\" data-id=\"1eb87ed\" data-element_type=\"widget\" data-widget_type=\"heading.default\">\n\t\t\t\t<div class=\"elementor-widget-container\">\n\t\t\t<style>\/*! elementor - v3.15.0 - 20-08-2023 *\/\n.elementor-heading-title{padding:0;margin:0;line-height:1}.elementor-widget-heading .elementor-heading-title[class*=elementor-size-]>a{color:inherit;font-size:inherit;line-height:inherit}.elementor-widget-heading .elementor-heading-title.elementor-size-small{font-size:15px}.elementor-widget-heading .elementor-heading-title.elementor-size-medium{font-size:19px}.elementor-widget-heading .elementor-heading-title.elementor-size-large{font-size:29px}.elementor-widget-heading .elementor-heading-title.elementor-size-xl{font-size:39px}.elementor-widget-heading .elementor-heading-title.elementor-size-xxl{font-size:59px}<\/style><h2 class=\"elementor-heading-title elementor-size-default\">Misyonumuz<\/h2>\t\t<\/div>\n\t\t\t\t<\/div>\n\t\t\t\t<div class=\"elementor-element elementor-element-35aba26 elementor-widget elementor-widget-text-editor\" data-id=\"35aba26\" data-element_type=\"widget\" data-widget_type=\"text-editor.default\">\n\t\t\t\t<div class=\"elementor-widget-container\">\n\t\t\t\t\t\t\t\t<div class=\"elementor-text-editor elementor-clearfix\">\n\t\t\t\t<h3><strong>G\u00fcvenli, y\u00fcksek kaliteli ve uygun maliyetli in\u015faat projeleri tasarlamak,<\/strong><b> in\u015fa etmek ve tamamlamak; m\u00fc\u015fterilerimiz ile birlikte anla\u015ft\u0131\u011f\u0131m\u0131z i\u015f program\u0131na uymak; t\u00fcm bunlar\u0131 ger\u00e7ekle\u015ftirirken, \u00c7al\u0131\u015fanlar\u0131n\u0131n kariyer geli\u015fimine yard\u0131mc\u0131 olmak.<\/b><\/h3><p>\u00a0<\/p>\t\t\t\t\t<\/div>\n\t\t\t\t\t\t<\/div>\n\t\t\t\t<\/div>\n\t\t\t\t\t\t<\/div>\n\t\t\t\t\t<\/div>\n\t\t<\/div>\n\t\t\t\t<div class=\"elementor-column elementor-col-50 elementor-top-column elementor-element elementor-element-74b8969\" data-id=\"74b8969\" data-element_type=\"column\">\n\t\t\t<div class=\"elementor-column-wrap elementor-element-populated\">\n\t\t\t\t\t\t\t<div class=\"elementor-widget-wrap\">\n\t\t\t\t\t\t<div class=\"elementor-element elementor-element-e77ae53 elementor-widget elementor-widget-image\" data-id=\"e77ae53\" data-element_type=\"widget\" data-widget_type=\"image.default\">\n\t\t\t\t<div class=\"elementor-widget-container\">\n\t\t\t\t\t\t\t\t<div class=\"elementor-image\">\n\t\t\t\t\t\t\t\t\t\t\t\t<img decoding=\"async\" width=\"800\" height=\"600\" src=\"https:\/\/albayrakctninsaat.com.tr\/wp-content\/uploads\/2023\/09\/misyon.png\" class=\"attachment-full size-full wp-image-1016\" alt=\"\" loading=\"lazy\" srcset=\"https:\/\/albayrakctninsaat.com.tr\/wp-content\/uploads\/2023\/09\/misyon.png 800w, https:\/\/albayrakctninsaat.com.tr\/wp-content\/uploads\/2023\/09\/misyon-300x225.png 300w, https:\/\/albayrakctninsaat.com.tr\/wp-content\/uploads\/2023\/09\/misyon-768x576.png 768w\" sizes=\"(max-width: 800px) 100vw, 800px\" \/>\t\t\t\t\t\t\t\t\t\t\t\t\t\t<\/div>\n\t\t\t\t\t\t<\/div>\n\t\t\t\t<\/div>\n\t\t\t\t\t\t<\/div>\n\t\t\t\t\t<\/div>\n\t\t<\/div>\n\t\t\t\t\t\t\t\t<\/div>\n\t\t\t\t\t<\/div>\n\t\t<\/section>\n\t\t\t\t<section class=\"elementor-section elementor-top-section elementor-element elementor-element-27930b2 elementor-section-content-middle elementor-section-stretched elementor-section-boxed elementor-section-height-default elementor-section-height-default\" data-id=\"27930b2\" data-element_type=\"section\" data-settings=\"{&quot;stretch_section&quot;:&quot;section-stretched&quot;,&quot;background_background&quot;:&quot;classic&quot;}\">\n\t\t\t\t\t\t<div class=\"elementor-container elementor-column-gap-extended\">\n\t\t\t\t\t\t\t<div class=\"elementor-row\">\n\t\t\t\t\t<div class=\"elementor-column elementor-col-50 elementor-top-column elementor-element elementor-element-55976c4\" data-id=\"55976c4\" data-element_type=\"column\">\n\t\t\t<div class=\"elementor-column-wrap elementor-element-populated\">\n\t\t\t\t\t\t\t<div class=\"elementor-widget-wrap\">\n\t\t\t\t\t\t<div class=\"elementor-element elementor-element-638bf58 elementor-widget elementor-widget-image\" data-id=\"638bf58\" data-element_type=\"widget\" data-widget_type=\"image.default\">\n\t\t\t\t<div class=\"elementor-widget-container\">\n\t\t\t\t\t\t\t\t<div class=\"elementor-image\">\n\t\t\t\t\t\t\t\t\t\t\t\t<img decoding=\"async\" width=\"800\" height=\"600\" src=\"https:\/\/albayrakctninsaat.com.tr\/wp-content\/uploads\/2023\/09\/vizyon.png\" class=\"attachment-full size-full wp-image-1015\" alt=\"\" loading=\"lazy\" srcset=\"https:\/\/albayrakctninsaat.com.tr\/wp-content\/uploads\/2023\/09\/vizyon.png 800w, https:\/\/albayrakctninsaat.com.tr\/wp-content\/uploads\/2023\/09\/vizyon-300x225.png 300w, https:\/\/albayrakctninsaat.com.tr\/wp-content\/uploads\/2023\/09\/vizyon-768x576.png 768w\" sizes=\"(max-width: 800px) 100vw, 800px\" \/>\t\t\t\t\t\t\t\t\t\t\t\t\t\t<\/div>\n\t\t\t\t\t\t<\/div>\n\t\t\t\t<\/div>\n\t\t\t\t\t\t<\/div>\n\t\t\t\t\t<\/div>\n\t\t<\/div>\n\t\t\t\t<div class=\"elementor-column elementor-col-50 elementor-top-column elementor-element elementor-element-d1a587e\" data-id=\"d1a587e\" data-element_type=\"column\">\n\t\t\t<div class=\"elementor-column-wrap elementor-element-populated\">\n\t\t\t\t\t\t\t<div class=\"elementor-widget-wrap\">\n\t\t\t\t\t\t<div class=\"elementor-element elementor-element-53dbca4 elementor-widget elementor-widget-heading\" data-id=\"53dbca4\" data-element_type=\"widget\" data-widget_type=\"heading.default\">\n\t\t\t\t<div class=\"elementor-widget-container\">\n\t\t\t<h2 class=\"elementor-heading-title elementor-size-default\">V\u0130ZYONUMUZ<\/h2>\t\t<\/div>\n\t\t\t\t<\/div>\n\t\t\t\t<div class=\"elementor-element elementor-element-77b266e elementor-widget elementor-widget-text-editor\" data-id=\"77b266e\" data-element_type=\"widget\" data-widget_type=\"text-editor.default\">\n\t\t\t\t<div class=\"elementor-widget-container\">\n\t\t\t\t\t\t\t\t<div class=\"elementor-text-editor elementor-clearfix\">\n\t\t\t\t<h3>D\u00fcnya genelinde hizmet veren m\u00fchendislik ve in\u015faat firmalar\u0131 aras\u0131nda en iyi ve yenilik\u00e7i firmalardan biri olmak.<\/h3>\t\t\t\t\t<\/div>\n\t\t\t\t\t\t<\/div>\n\t\t\t\t<\/div>\n\t\t\t\t\t\t<\/div>\n\t\t\t\t\t<\/div>\n\t\t<\/div>\n\t\t\t\t\t\t\t\t<\/div>\n\t\t\t\t\t<\/div>\n\t\t<\/section>\n\t\t\t\t\t\t\t\t\t<\/div>\n\t\t\t<\/div>\n\t\t\t\t\t<\/div>\n\t\t","protected":false},"excerpt":{"rendered":"<p>Elit scripta volumus cu vim, cum no vidit prodesset interesset. Mollis legendos ne est, ex pri latine euismod apeirian. Nec molestie senserit an, eos no eirmod salutatus.<br \/>\nPro mucius everti ponderum at, vix reque scaevola eu. Ex nam veniam munere, at dico dictas mei. Ius ei assum assueverit. Nam ut assum nominavi.<\/p>\n","protected":false},"author":1,"featured_media":0,"parent":0,"menu_order":0,"comment_status":"closed","ping_status":"closed","template":"elementor_header_footer","meta":[],"_links":{"self":[{"href":"https:\/\/albayrakctninsaat.com.tr\/index.php?rest_route=\/wp\/v2\/pages\/687"}],"collection":[{"href":"https:\/\/albayrakctninsaat.com.tr\/index.php?rest_route=\/wp\/v2\/pages"}],"about":[{"href":"https:\/\/albayrakctninsaat.com.tr\/index.php?rest_route=\/wp\/v2\/types\/page"}],"author":[{"embeddable":true,"href":"https:\/\/albayrakctninsaat.com.tr\/index.php?rest_route=\/wp\/v2\/users\/1"}],"replies":[{"embeddable":true,"href":"https:\/\/albayrakctninsaat.com.tr\/index.php?rest_route=%2Fwp%2Fv2%2Fcomments&post=687"}],"version-history":[{"count":23,"href":"https:\/\/albayrakctninsaat.com.tr\/index.php?rest_route=\/wp\/v2\/pages\/687\/revisions"}],"predecessor-version":[{"id":1441,"href":"https:\/\/albayrakctninsaat.com.tr\/index.php?rest_route=\/wp\/v2\/pages\/687\/revisions\/1441"}],"wp:attachment":[{"href":"https:\/\/albayrakctninsaat.com.tr\/index.php?rest_route=%2Fwp%2Fv2%2Fmedia&parent=687"}],"curies":[{"name":"wp","href":"https:\/\/api.w.org\/{rel}","templated":true}]}}