{"id":820,"date":"2021-08-13T09:31:34","date_gmt":"2021-08-13T09:31:34","guid":{"rendered":"https:\/\/demo.hashthemes.com\/total\/agency\/?page_id=820"},"modified":"2024-05-22T13:25:46","modified_gmt":"2024-05-22T13:25:46","slug":"team","status":"publish","type":"page","link":"https:\/\/albayrakctninsaat.com.tr\/?page_id=820","title":{"rendered":"KAMPANYALAR"},"content":{"rendered":"\t\t<div data-elementor-type=\"wp-page\" data-elementor-id=\"820\" class=\"elementor elementor-820\" data-elementor-post-type=\"page\">\n\t\t\t\t\t\t<div class=\"elementor-inner\">\n\t\t\t\t<div class=\"elementor-section-wrap\">\n\t\t\t\t\t\t\t<div class=\"elementor-element elementor-element-f8c6387 e-flex e-con-boxed e-con\" data-id=\"f8c6387\" data-element_type=\"container\" data-settings=\"{&quot;content_width&quot;:&quot;boxed&quot;}\">\n\t\t\t\t\t<div class=\"e-con-inner\">\n\t\t\t\t<div class=\"elementor-element elementor-element-8046816 elementor-widget elementor-widget-spacer\" data-id=\"8046816\" data-element_type=\"widget\" data-widget_type=\"spacer.default\">\n\t\t\t\t<div class=\"elementor-widget-container\">\n\t\t\t<style>\/*! elementor - v3.15.0 - 20-08-2023 *\/\n.elementor-column .elementor-spacer-inner{height:var(--spacer-size)}.e-con{--container-widget-width:100%}.e-con-inner>.elementor-widget-spacer,.e-con>.elementor-widget-spacer{width:var(--container-widget-width,var(--spacer-size));--align-self:var(--container-widget-align-self,initial);--flex-shrink:0}.e-con-inner>.elementor-widget-spacer>.elementor-widget-container,.e-con-inner>.elementor-widget-spacer>.elementor-widget-container>.elementor-spacer,.e-con>.elementor-widget-spacer>.elementor-widget-container,.e-con>.elementor-widget-spacer>.elementor-widget-container>.elementor-spacer{height:100%}.e-con-inner>.elementor-widget-spacer>.elementor-widget-container>.elementor-spacer>.elementor-spacer-inner,.e-con>.elementor-widget-spacer>.elementor-widget-container>.elementor-spacer>.elementor-spacer-inner{height:var(--container-widget-height,var(--spacer-size))}<\/style>\t\t<div class=\"elementor-spacer\">\n\t\t\t<div class=\"elementor-spacer-inner\"><\/div>\n\t\t<\/div>\n\t\t\t\t<\/div>\n\t\t\t\t<\/div>\n\t\t\t\t\t<\/div>\n\t\t\t\t<\/div>\n\t\t<div class=\"elementor-element elementor-element-0ee2abf e-flex e-con-boxed e-con\" data-id=\"0ee2abf\" data-element_type=\"container\" data-settings=\"{&quot;content_width&quot;:&quot;boxed&quot;}\">\n\t\t\t\t\t<div class=\"e-con-inner\">\n\t\t\t\t<div class=\"elementor-element elementor-element-a4e388f elementor-widget elementor-widget-heading\" data-id=\"a4e388f\" data-element_type=\"widget\" data-widget_type=\"heading.default\">\n\t\t\t\t<div class=\"elementor-widget-container\">\n\t\t\t<style>\/*! elementor - v3.15.0 - 20-08-2023 *\/\n.elementor-heading-title{padding:0;margin:0;line-height:1}.elementor-widget-heading .elementor-heading-title[class*=elementor-size-]>a{color:inherit;font-size:inherit;line-height:inherit}.elementor-widget-heading .elementor-heading-title.elementor-size-small{font-size:15px}.elementor-widget-heading .elementor-heading-title.elementor-size-medium{font-size:19px}.elementor-widget-heading .elementor-heading-title.elementor-size-large{font-size:29px}.elementor-widget-heading .elementor-heading-title.elementor-size-xl{font-size:39px}.elementor-widget-heading .elementor-heading-title.elementor-size-xxl{font-size:59px}<\/style><h4 class=\"elementor-heading-title elementor-size-large\"><p style=\"margin-bottom: 1rem; font-family: montserrat, sans-serif; font-weight: 700; color: rgb(0, 0, 0); font-size: 18px; padding: 0px 40px; white-space-collapse: collapse;\">Yeni Projeler, Yeni F\u0131rsatlar, Yeni Ya\u015fam Alanlar\u0131, Avantajl\u0131 fiyatlar, %0 Faiz, Hemen Tapu f\u0131rsatlar\u0131ndan faydalanmak ve di\u011fer kampanyalar\u0131m\u0131z hakk\u0131nda bilgi almak i\u00e7in formumuzu doldurun sizi arayal\u0131m yada e-posta g\u00f6nderelim.<\/p><div><br><\/div><\/h4>\t\t<\/div>\n\t\t\t\t<\/div>\n\t\t\t\t\t<\/div>\n\t\t\t\t<\/div>\n\t\t<div class=\"elementor-element elementor-element-4fbb3b2 e-flex e-con-boxed e-con\" data-id=\"4fbb3b2\" data-element_type=\"container\" data-settings=\"{&quot;content_width&quot;:&quot;boxed&quot;}\">\n\t\t\t\t\t<div class=\"e-con-inner\">\n\t\t\t\t\t<\/div>\n\t\t\t\t<\/div>\n\t\t<div class=\"elementor-element elementor-element-3d50d71 e-flex e-con-boxed e-con\" data-id=\"3d50d71\" data-element_type=\"container\" data-settings=\"{&quot;content_width&quot;:&quot;boxed&quot;}\">\n\t\t\t\t\t<div class=\"e-con-inner\">\n\t\t\t\t<div class=\"elementor-element elementor-element-95018fa elementor-widget elementor-widget-image\" data-id=\"95018fa\" data-element_type=\"widget\" data-widget_type=\"image.default\">\n\t\t\t\t<div class=\"elementor-widget-container\">\n\t\t\t<style>\/*! elementor - v3.15.0 - 20-08-2023 *\/\n.elementor-widget-image{text-align:center}.elementor-widget-image a{display:inline-block}.elementor-widget-image a img[src$=\".svg\"]{width:48px}.elementor-widget-image img{vertical-align:middle;display:inline-block}<\/style>\t\t\t\t\t<div class=\"elementor-image\">\n\t\t\t\t\t\t\t\t\t\t\t\t<img decoding=\"async\" width=\"640\" height=\"460\" src=\"https:\/\/albayrakctninsaat.com.tr\/wp-content\/uploads\/2024\/05\/WhatsApp-Image-2024-05-12-at-13.58.42-1024x736.jpeg\" class=\"attachment-large size-large wp-image-1419\" alt=\"\" loading=\"lazy\" srcset=\"https:\/\/albayrakctninsaat.com.tr\/wp-content\/uploads\/2024\/05\/WhatsApp-Image-2024-05-12-at-13.58.42-1024x736.jpeg 1024w, https:\/\/albayrakctninsaat.com.tr\/wp-content\/uploads\/2024\/05\/WhatsApp-Image-2024-05-12-at-13.58.42-300x216.jpeg 300w, https:\/\/albayrakctninsaat.com.tr\/wp-content\/uploads\/2024\/05\/WhatsApp-Image-2024-05-12-at-13.58.42-768x552.jpeg 768w, https:\/\/albayrakctninsaat.com.tr\/wp-content\/uploads\/2024\/05\/WhatsApp-Image-2024-05-12-at-13.58.42.jpeg 1503w\" sizes=\"(max-width: 640px) 100vw, 640px\" \/>\t\t\t\t\t\t\t\t\t\t\t\t\t\t<\/div>\n\t\t\t\t\t\t<\/div>\n\t\t\t\t<\/div>\n\t\t\t\t\t<\/div>\n\t\t\t\t<\/div>\n\t\t\t\t\t\t\t\t\t<\/div>\n\t\t\t<\/div>\n\t\t\t\t\t<\/div>\n\t\t","protected":false},"excerpt":{"rendered":"<p>Yeni Projeler, Yeni F\u0131rsatlar, Yeni Ya\u015fam Alanlar\u0131, Avantajl\u0131 fiyatlar, %0 Faiz, Hemen Tapu f\u0131rsatlar\u0131ndan faydalanmak ve di\u011fer kampanyalar\u0131m\u0131z hakk\u0131nda bilgi almak i\u00e7in formumuzu doldurun sizi arayal\u0131m yada e-posta g\u00f6nderelim.<\/p>\n","protected":false},"author":1,"featured_media":0,"parent":0,"menu_order":0,"comment_status":"closed","ping_status":"closed","template":"elementor_header_footer","meta":[],"_links":{"self":[{"href":"https:\/\/albayrakctninsaat.com.tr\/index.php?rest_route=\/wp\/v2\/pages\/820"}],"collection":[{"href":"https:\/\/albayrakctninsaat.com.tr\/index.php?rest_route=\/wp\/v2\/pages"}],"about":[{"href":"https:\/\/albayrakctninsaat.com.tr\/index.php?rest_route=\/wp\/v2\/types\/page"}],"author":[{"embeddable":true,"href":"https:\/\/albayrakctninsaat.com.tr\/index.php?rest_route=\/wp\/v2\/users\/1"}],"replies":[{"embeddable":true,"href":"https:\/\/albayrakctninsaat.com.tr\/index.php?rest_route=%2Fwp%2Fv2%2Fcomments&post=820"}],"version-history":[{"count":28,"href":"https:\/\/albayrakctninsaat.com.tr\/index.php?rest_route=\/wp\/v2\/pages\/820\/revisions"}],"predecessor-version":[{"id":1440,"href":"https:\/\/albayrakctninsaat.com.tr\/index.php?rest_route=\/wp\/v2\/pages\/820\/revisions\/1440"}],"wp:attachment":[{"href":"https:\/\/albayrakctninsaat.com.tr\/index.php?rest_route=%2Fwp%2Fv2%2Fmedia&parent=820"}],"curies":[{"name":"wp","href":"https:\/\/api.w.org\/{rel}","templated":true}]}}